{"id":11340,"date":"2023-12-05T09:40:09","date_gmt":"2023-12-05T08:40:09","guid":{"rendered":"https:\/\/ades-solaire.org\/?page_id=11340"},"modified":"2024-04-10T10:57:21","modified_gmt":"2024-04-10T08:57:21","slug":"forums-et-conferences","status":"publish","type":"page","link":"https:\/\/ades-solaire.org\/fr\/uber-uns\/foren-und-vortraege\/","title":{"rendered":"Forums et conf\u00e9rences"},"content":{"rendered":"<p><div class=\"fusion-fullwidth fullwidth-box fusion-builder-row-1 fusion-flex-container has-pattern-background has-mask-background hundred-percent-fullwidth non-hundred-percent-height-scrolling\" style=\"--awb-border-sizes-top:0px;--awb-border-sizes-bottom:0px;--awb-border-sizes-left:0px;--awb-border-sizes-right:0px;--awb-border-radius-top-left:0px;--awb-border-radius-top-right:0px;--awb-border-radius-bottom-right:0px;--awb-border-radius-bottom-left:0px;--awb-padding-top:0px;--awb-padding-right:0px;--awb-padding-bottom:0px;--awb-padding-left:0px;--awb-flex-wrap:wrap;\" ><div class=\"fusion-builder-row fusion-row fusion-flex-align-items-stretch fusion-flex-content-wrap\" style=\"width:104% !important;max-width:104% !important;margin-left: calc(-4% \/ 2 );margin-right: calc(-4% \/ 2 );\"><div class=\"fusion-layout-column fusion_builder_column fusion-builder-column-0 fusion_builder_column_1_2 1_2 fusion-flex-column contain\" style=\"--awb-padding-top:20px;--awb-padding-right:0px;--awb-padding-bottom:100px;--awb-bg-color:rgba(2,1,1,0.85);--awb-bg-color-hover:rgba(2,1,1,0.85);--awb-bg-image:url(&#039;https:\/\/ades-solaire.org\/wp-content\/uploads\/2022\/01\/2021_11_26_klimareferat-mit-reto-knutti-3-1200x675.jpg&#039;);--awb-bg-position:center center;--awb-bg-size:cover;--awb-width-large:50%;--awb-margin-top-large:0px;--awb-spacing-right-large:0px;--awb-margin-bottom-large:0px;--awb-spacing-left-large:0px;--awb-width-medium:100%;--awb-order-medium:0;--awb-spacing-right-medium:1.92%;--awb-spacing-left-medium:1.92%;--awb-width-small:100%;--awb-order-small:0;--awb-spacing-right-small:1.92%;--awb-spacing-left-small:1.92%;\" data-scroll-devices=\"small-visibility,medium-visibility,large-visibility\"><div class=\"fusion-column-wrapper fusion-column-has-shadow fusion-flex-justify-content-flex-start fusion-content-layout-column fusion-empty-column-bg-image fusion-column-has-bg-image\" data-bg-url=\"https:\/\/ades-solaire.org\/wp-content\/uploads\/2022\/01\/2021_11_26_klimareferat-mit-reto-knutti-3-1200x675.jpg\"><img decoding=\"async\" class=\"fusion-empty-dims-img-placeholder fusion-no-large-visibility\" src=\"data:image\/gif;base64,R0lGODlhAQABAAAACH5BAEKAAEALAAAAAAAICTAEAOw==\"><\/div><\/div><div class=\"fusion-layout-column fusion_builder_column fusion-builder-column-1 fusion_builder_column_1_2 1_2 fusion-flex-column\" style=\"--awb-padding-top:100px;--awb-padding-right:10%;--awb-padding-bottom:100px;--awb-padding-left:2%;--awb-bg-size:cover;--awb-width-large:50%;--awb-margin-top-large:0px;--awb-spacing-right-large:0px;--awb-margin-bottom-large:0px;--awb-spacing-left-large:0px;--awb-width-medium:100%;--awb-order-medium:0;--awb-spacing-right-medium:1.92%;--awb-spacing-left-medium:1.92%;--awb-width-small:100%;--awb-order-small:0;--awb-spacing-right-small:1.92%;--awb-spacing-left-small:1.92%;\" data-scroll-devices=\"small-visibility,medium-visibility,large-visibility\"><div class=\"fusion-column-wrapper fusion-column-has-shadow fusion-flex-justify-content-flex-start fusion-content-layout-column\"><div class=\"fusion-title title fusion-title-1 fusion-sep-none fusion-title-text fusion-title-size-two\" style=\"--awb-margin-top-small:0px;--awb-margin-right-small:0px;--awb-margin-bottom-small:20px;--awb-margin-left-small:0px;\"><h2 class=\"fusion-title-heading title-heading-left\" style=\"margin:0;line-height:1;\"><strong>Sp\u00e9cialistes ADES pour les forums et les conf\u00e9rences<\/strong><\/h2><\/div><div class=\"fusion-separator\" style=\"align-self: flex-start;margin-right:auto;margin-bottom:40px;width:100%;max-width:200px;\"><div class=\"fusion-separator-border sep-single sep-solid\" style=\"--awb-height:20px;--awb-amount:20px;--awb-sep-color:#fec96b;border-color:#fec96b;border-top-width:3px;\"><\/div><\/div><div class=\"fusion-text fusion-text-1\"><p>Depuis 2001, l'organisation suisse \u00e0 but non lucratif ADES est active dans l'un des pays les plus pauvres du monde et s'engage pour la pr\u00e9servation des bases vitales de Madagascar en construisant des fours \u00e0 haute efficacit\u00e9 \u00e9nerg\u00e9tique et en prenant des mesures de reboisement et de formation. La protection des for\u00eats massivement menac\u00e9es, la ma\u00eetrise des in\u00e9galit\u00e9s socio-\u00e9conomiques et la protection du climat sont au c\u0153ur de ses pr\u00e9occupations. Pour cela, ADES d\u00e9veloppe des solutions durables dans le cadre d'une collaboration partenariale entre la Suisse et Madagascar. Du c\u00f4t\u00e9 des entreprises, ADES voit de plus en plus le besoin de s'engager dans des projets durables. Nous pouvons vous inspirer et vous soutenir lors de vos manifestations avec des exp\u00e9riences fond\u00e9es, cr\u00e9dibles et passionnantes. Nos sp\u00e9cialistes s'y connaissent dans diff\u00e9rents domaines. En voici une s\u00e9lection :<\/p>\n<p><span style=\"color: #008000;\"><strong>Coop\u00e9ration au d\u00e9veloppement<br \/>\n<\/strong><\/span>L'empowerment plut\u00f4t que le paternalisme au-del\u00e0 des fronti\u00e8res culturelles. Le grand \u00e9cart entre sauver le monde, le succ\u00e8s commercial, l'engagement b\u00e9n\u00e9vole et la collecte de fonds.<\/p>\n<p><span style=\"color: #008000;\"><strong>D\u00e9fis interculturels<br \/>\n<\/strong><\/span>Qu'il s'agisse d'une organisation \u00e0 but non lucratif ou non, travailler sur diff\u00e9rents continents avec une culture et une histoire diff\u00e9rentes comporte des opportunit\u00e9s et des risques. ADES montre comment des \u00e9quipes issues de r\u00e9alit\u00e9s diff\u00e9rentes peuvent d\u00e9velopper et poursuivre avec succ\u00e8s une vision commune.<\/p>\n<p><strong><span style=\"color: #008000;\">Protection du climat dans le Sud mondial<\/span><br \/>\n<\/strong>Comment g\u00e9n\u00e9rer une plus-value pour la population locale gr\u00e2ce \u00e0 des projets de protection climatique tout en prot\u00e9geant l'environnement local ?<\/p>\n<p><strong><span style=\"color: #008000;\">Volontaire CO<sub>2<\/sub> March\u00e9 des certificats<\/span><br \/>\n<\/strong>Par le biais de la taxe volontaire sur le CO<sub>2<\/sub> On \u00e9crit beaucoup sur le march\u00e9 des certificats. Il est rare que les projets actifs dans le Sud s'expriment directement. Les fours \u00e0 \u00e9conomie d'\u00e9nergie ADES sont certifi\u00e9s depuis 10 ans par le Gold Standard international. ADES est l'un des plus grands producteurs suisses de certificats CO2.<\/p>\n<p><strong><span style=\"color: #008000;\">Madagascar<\/span><br \/>\n<\/strong>Connu pour sa culture vari\u00e9e, ses merveilles naturelles et sa biodiversit\u00e9 unique. En m\u00eame temps, Madagascar est l'un des pays les plus pauvres du monde et la perte de for\u00eats et les in\u00e9galit\u00e9s socio-\u00e9conomiques lui posent des probl\u00e8mes existentiels.<\/p>\n<\/div><\/div><\/div><\/div><\/div><div class=\"fusion-fullwidth fullwidth-box fusion-builder-row-2 fusion-flex-container has-pattern-background has-mask-background nonhundred-percent-fullwidth non-hundred-percent-height-scrolling\" style=\"--awb-border-radius-top-left:0px;--awb-border-radius-top-right:0px;--awb-border-radius-bottom-right:0px;--awb-border-radius-bottom-left:0px;--awb-flex-wrap:wrap;\" ><div class=\"fusion-builder-row fusion-row fusion-flex-align-items-flex-start fusion-flex-content-wrap\" style=\"max-width:1216.8px;margin-left: calc(-4% \/ 2 );margin-right: calc(-4% \/ 2 );\"><div class=\"fusion-layout-column fusion_builder_column fusion-builder-column-2 fusion_builder_column_1_1 1_1 fusion-flex-column\" style=\"--awb-bg-size:cover;--awb-width-large:100%;--awb-margin-top-large:0px;--awb-spacing-right-large:1.92%;--awb-margin-bottom-large:20px;--awb-spacing-left-large:1.92%;--awb-width-medium:100%;--awb-order-medium:0;--awb-spacing-right-medium:1.92%;--awb-spacing-left-medium:1.92%;--awb-width-small:100%;--awb-order-small:0;--awb-spacing-right-small:1.92%;--awb-spacing-left-small:1.92%;\"><div class=\"fusion-column-wrapper fusion-column-has-shadow fusion-flex-justify-content-flex-start fusion-content-layout-column\"><\/div><\/div><\/div><\/div><div id=\"fachpersonen\" class=\"fusion-container-anchor\"><div class=\"fusion-fullwidth fullwidth-box fusion-builder-row-3 fusion-flex-container has-pattern-background has-mask-background hundred-percent-fullwidth non-hundred-percent-height-scrolling\" style=\"--awb-border-radius-top-left:0px;--awb-border-radius-top-right:0px;--awb-border-radius-bottom-right:0px;--awb-border-radius-bottom-left:0px;--awb-flex-wrap:wrap;\" ><div class=\"fusion-builder-row fusion-row fusion-flex-align-items-flex-start fusion-flex-content-wrap\" style=\"width:104% !important;max-width:104% !important;margin-left: calc(-4% \/ 2 );margin-right: calc(-4% \/ 2 );\"><div class=\"fusion-layout-column fusion_builder_column fusion-builder-column-3 fusion_builder_column_1_4 1_4 fusion-flex-column\" style=\"--awb-bg-size:cover;--awb-width-large:25%;--awb-margin-top-large:0px;--awb-spacing-right-large:7.68%;--awb-margin-bottom-large:20px;--awb-spacing-left-large:7.68%;--awb-width-medium:100%;--awb-order-medium:0;--awb-spacing-right-medium:1.92%;--awb-spacing-left-medium:1.92%;--awb-width-small:100%;--awb-order-small:0;--awb-spacing-right-small:1.92%;--awb-spacing-left-small:1.92%;\" data-scroll-devices=\"small-visibility,medium-visibility,large-visibility\"><div class=\"fusion-column-wrapper fusion-column-has-shadow fusion-flex-justify-content-flex-start fusion-content-layout-column\"><div class=\"fusion-image-element\" style=\"text-align:center;--awb-aspect-ratio:4 \/ 3;--awb-object-position:16% 36%;--awb-caption-title-font-family:var(--h2_typography-font-family);--awb-caption-title-font-weight:var(--h2_typography-font-weight);--awb-caption-title-font-style:var(--h2_typography-font-style);--awb-caption-title-size:var(--h2_typography-font-size);--awb-caption-title-transform:var(--h2_typography-text-transform);--awb-caption-title-line-height:var(--h2_typography-line-height);--awb-caption-title-letter-spacing:var(--h2_typography-letter-spacing);\"><span class=\"fusion-imageframe imageframe-none imageframe-1 hover-type-none has-aspect-ratio\"><img decoding=\"async\" width=\"225\" height=\"300\" title=\"Luc Portait\" src=\"https:\/\/ades-solaire.org\/wp-content\/uploads\/2023\/12\/Luc-Portait-225x300.jpeg\" class=\"img-responsive wp-image-11578 img-with-aspect-ratio\" data-parent-fit=\"cover\" data-parent-container=\".fusion-image-element\" alt srcset=\"https:\/\/ades-solaire.org\/wp-content\/uploads\/2023\/12\/Luc-Portait-200x267.jpeg 200w, https:\/\/ades-solaire.org\/wp-content\/uploads\/2023\/12\/Luc-Portait-400x533.jpeg 400w, https:\/\/ades-solaire.org\/wp-content\/uploads\/2023\/12\/Luc-Portait-600x800.jpeg 600w, https:\/\/ades-solaire.org\/wp-content\/uploads\/2023\/12\/Luc-Portait-800x1067.jpeg 800w, https:\/\/ades-solaire.org\/wp-content\/uploads\/2023\/12\/Luc-Portait-1200x1600.jpeg 1200w, https:\/\/ades-solaire.org\/wp-content\/uploads\/2023\/12\/Luc-Portait.jpeg 1400w\" sizes=\"(max-width: 1024px) 100vw, (max-width: 640px) 100vw, 400px\" \/><\/span><\/div><div ><a class=\"fusion-button button-flat fusion-button-default-size button-default fusion-button-default button-1 fusion-button-default-span fusion-button-default-type\" target=\"_blank\" rel=\"noopener noreferrer\" href=\"https:\/\/www.linkedin.com\/in\/estape\/\"><span class=\"fusion-button-text awb-button__text awb-button__text--default\">LinkedIn<\/span><\/a><\/div><div class=\"fusion-separator fusion-full-width-sep\" style=\"align-self: center;margin-left: auto;margin-right: auto;margin-top:30px;width:100%;\"><div class=\"fusion-separator-border sep-single\" style=\"--awb-height:20px;--awb-amount:20px;border-color:#e0dede;border-top-width:1px;\"><\/div><\/div><div class=\"fusion-text fusion-text-2\"><p style=\"text-align: center;\"><strong>Luc Estap\u00e9, directeur de l'ADES<\/strong><\/p>\n<p style=\"text-align: center;\">Luc Estap\u00e9 dirige ADES \u00e0 la crois\u00e9e des chemins entre une organisation d'utilit\u00e9 publique \u00e0 but non lucratif et une PME internationale et \u00e9conomiquement performante. Il professionnalise les structures et les processus au-del\u00e0 des fronti\u00e8res culturelles en Suisse et \u00e0 Madagascar.<\/p>\n<\/div><\/div><\/div><div class=\"fusion-layout-column fusion_builder_column fusion-builder-column-4 fusion_builder_column_1_4 1_4 fusion-flex-column\" style=\"--awb-bg-size:cover;--awb-width-large:25%;--awb-margin-top-large:0px;--awb-spacing-right-large:7.68%;--awb-margin-bottom-large:20px;--awb-spacing-left-large:7.68%;--awb-width-medium:100%;--awb-order-medium:0;--awb-spacing-right-medium:1.92%;--awb-spacing-left-medium:1.92%;--awb-width-small:100%;--awb-order-small:0;--awb-spacing-right-small:1.92%;--awb-spacing-left-small:1.92%;\"><div class=\"fusion-column-wrapper fusion-column-has-shadow fusion-flex-justify-content-flex-start fusion-content-layout-column\"><div class=\"fusion-image-element\" style=\"text-align:center;--awb-aspect-ratio:4 \/ 3;--awb-caption-title-font-family:var(--h2_typography-font-family);--awb-caption-title-font-weight:var(--h2_typography-font-weight);--awb-caption-title-font-style:var(--h2_typography-font-style);--awb-caption-title-size:var(--h2_typography-font-size);--awb-caption-title-transform:var(--h2_typography-text-transform);--awb-caption-title-line-height:var(--h2_typography-line-height);--awb-caption-title-letter-spacing:var(--h2_typography-letter-spacing);\"><span class=\"fusion-imageframe imageframe-none imageframe-2 hover-type-none has-aspect-ratio\"><img decoding=\"async\" width=\"222\" height=\"300\" title=\"Portrait d&#039;Herbert \u00e9dit\u00e9\" src=\"https:\/\/ades-solaire.org\/wp-content\/uploads\/2023\/12\/Herbert-Portrait-bearbeitet-222x300.jpg\" class=\"img-responsive wp-image-11441 img-with-aspect-ratio\" data-parent-fit=\"cover\" data-parent-container=\".fusion-image-element\" alt srcset=\"https:\/\/ades-solaire.org\/wp-content\/uploads\/2023\/12\/Herbert-Portrait-bearbeitet-200x270.jpg 200w, https:\/\/ades-solaire.org\/wp-content\/uploads\/2023\/12\/Herbert-Portrait-bearbeitet-400x540.jpg 400w, https:\/\/ades-solaire.org\/wp-content\/uploads\/2023\/12\/Herbert-Portrait-bearbeitet-600x810.jpg 600w, https:\/\/ades-solaire.org\/wp-content\/uploads\/2023\/12\/Herbert-Portrait-bearbeitet-800x1080.jpg 800w, https:\/\/ades-solaire.org\/wp-content\/uploads\/2023\/12\/Herbert-Portrait-bearbeitet-1200x1619.jpg 1200w, https:\/\/ades-solaire.org\/wp-content\/uploads\/2023\/12\/Herbert-Portrait-bearbeitet-scaled.jpg 1897w\" sizes=\"(max-width: 1024px) 100vw, (max-width: 640px) 100vw, 400px\" \/><\/span><\/div><div ><a class=\"fusion-button button-flat fusion-button-default-size button-default fusion-button-default button-2 fusion-button-default-span fusion-button-default-type\" target=\"_blank\" rel=\"noopener noreferrer\" href=\"https:\/\/www.linkedin.com\/in\/herbert-blaser-7581002\/\"><span class=\"fusion-button-text awb-button__text awb-button__text--default\">LinkedIn<\/span><\/a><\/div><div class=\"fusion-separator fusion-full-width-sep\" style=\"align-self: center;margin-left: auto;margin-right: auto;margin-top:30px;width:100%;\"><div class=\"fusion-separator-border sep-single\" style=\"--awb-height:20px;--awb-amount:20px;border-color:#e0dede;border-top-width:1px;\"><\/div><\/div><div class=\"fusion-text fusion-text-3\"><p style=\"text-align: center;\"><strong>Herbert Blaser, pr\u00e9sident<\/strong><\/p>\n<p style=\"text-align: center;\">Ing\u00e9nieur et \u00e9conomiste de formation, il a rencontr\u00e9 ADES alors qu'il cherchait un partenaire pour la mise en \u0153uvre de la strat\u00e9gie de durabilit\u00e9 de son entreprise. Depuis 2010, il s'engage b\u00e9n\u00e9volement au sein du comit\u00e9 directeur d'ADES et en est le pr\u00e9sident depuis 2021. Le conseil d'administration dirige l'ADES de mani\u00e8re strat\u00e9gique.<\/p>\n<\/div><\/div><\/div><div class=\"fusion-layout-column fusion_builder_column fusion-builder-column-5 fusion_builder_column_1_4 1_4 fusion-flex-column\" style=\"--awb-bg-size:cover;--awb-width-large:25%;--awb-margin-top-large:0px;--awb-spacing-right-large:7.68%;--awb-margin-bottom-large:20px;--awb-spacing-left-large:7.68%;--awb-width-medium:100%;--awb-order-medium:0;--awb-spacing-right-medium:1.92%;--awb-spacing-left-medium:1.92%;--awb-width-small:100%;--awb-order-small:0;--awb-spacing-right-small:1.92%;--awb-spacing-left-small:1.92%;\"><div class=\"fusion-column-wrapper fusion-column-has-shadow fusion-flex-justify-content-flex-start fusion-content-layout-column\"><div class=\"fusion-image-element\" style=\"text-align:center;--awb-aspect-ratio:4 \/ 3;--awb-object-position:18% 29%;--awb-caption-title-font-family:var(--h2_typography-font-family);--awb-caption-title-font-weight:var(--h2_typography-font-weight);--awb-caption-title-font-style:var(--h2_typography-font-style);--awb-caption-title-size:var(--h2_typography-font-size);--awb-caption-title-transform:var(--h2_typography-text-transform);--awb-caption-title-line-height:var(--h2_typography-line-height);--awb-caption-title-letter-spacing:var(--h2_typography-letter-spacing);\"><span class=\"fusion-imageframe imageframe-none imageframe-3 hover-type-none has-aspect-ratio\"><img decoding=\"async\" width=\"200\" height=\"300\" title=\"DSC_0350\" src=\"https:\/\/ades-solaire.org\/wp-content\/uploads\/2023\/12\/DSC_0350-200x300.jpg\" class=\"img-responsive wp-image-11446 img-with-aspect-ratio\" data-parent-fit=\"cover\" data-parent-container=\".fusion-image-element\" alt srcset=\"https:\/\/ades-solaire.org\/wp-content\/uploads\/2023\/12\/DSC_0350-200x300.jpg 200w, https:\/\/ades-solaire.org\/wp-content\/uploads\/2023\/12\/DSC_0350-400x600.jpg 400w, https:\/\/ades-solaire.org\/wp-content\/uploads\/2023\/12\/DSC_0350-600x900.jpg 600w, https:\/\/ades-solaire.org\/wp-content\/uploads\/2023\/12\/DSC_0350-800x1200.jpg 800w, https:\/\/ades-solaire.org\/wp-content\/uploads\/2023\/12\/DSC_0350-1200x1800.jpg 1200w, https:\/\/ades-solaire.org\/wp-content\/uploads\/2023\/12\/DSC_0350-scaled.jpg 1707w\" sizes=\"(max-width: 1024px) 100vw, (max-width: 640px) 100vw, 400px\" \/><\/span><\/div><div ><a class=\"fusion-button button-flat fusion-button-default-size button-default fusion-button-default button-3 fusion-button-default-span fusion-button-default-type\" target=\"_blank\" rel=\"noopener noreferrer\" href=\"https:\/\/www.linkedin.com\/in\/rita-bachmann-98898219\/\"><span class=\"fusion-button-text awb-button__text awb-button__text--default\">LinkedIn<\/span><\/a><\/div><div class=\"fusion-separator fusion-full-width-sep\" style=\"align-self: center;margin-left: auto;margin-right: auto;margin-top:30px;width:100%;\"><div class=\"fusion-separator-border sep-single\" style=\"--awb-height:20px;--awb-amount:20px;border-color:#e0dede;border-top-width:1px;\"><\/div><\/div><div class=\"fusion-text fusion-text-4\"><p style=\"text-align: center;\"><strong>Rita Bachmann, partenariats<\/strong><\/p>\n<p style=\"text-align: center;\">Passionn\u00e9e, experte interculturelle avec des d\u00e9cennies d'exp\u00e9rience \u00e0 Madagascar. Elle a transform\u00e9 ADES d'une petite ONG self-made en un acteur international et conna\u00eet la flexibilit\u00e9 et l'adaptabilit\u00e9 n\u00e9cessaires pour travailler avec diff\u00e9rents pays et cultures. Aujourd'hui, elle est responsable des partenariats d'ADES.<\/p>\n<\/div><\/div><\/div><div class=\"fusion-layout-column fusion_builder_column fusion-builder-column-6 fusion_builder_column_1_4 1_4 fusion-flex-column\" style=\"--awb-bg-size:cover;--awb-width-large:25%;--awb-margin-top-large:0px;--awb-spacing-right-large:7.68%;--awb-margin-bottom-large:20px;--awb-spacing-left-large:7.68%;--awb-width-medium:100%;--awb-order-medium:0;--awb-spacing-right-medium:1.92%;--awb-spacing-left-medium:1.92%;--awb-width-small:100%;--awb-order-small:0;--awb-spacing-right-small:1.92%;--awb-spacing-left-small:1.92%;\"><div class=\"fusion-column-wrapper fusion-column-has-shadow fusion-flex-justify-content-flex-start fusion-content-layout-column\"><div class=\"fusion-image-element\" style=\"text-align:center;--awb-aspect-ratio:4 \/ 3;--awb-object-position:21% 40%;--awb-caption-title-font-family:var(--h2_typography-font-family);--awb-caption-title-font-weight:var(--h2_typography-font-weight);--awb-caption-title-font-style:var(--h2_typography-font-style);--awb-caption-title-size:var(--h2_typography-font-size);--awb-caption-title-transform:var(--h2_typography-text-transform);--awb-caption-title-line-height:var(--h2_typography-line-height);--awb-caption-title-letter-spacing:var(--h2_typography-letter-spacing);\"><span class=\"fusion-imageframe imageframe-none imageframe-4 hover-type-none has-aspect-ratio contain\"><img decoding=\"async\" width=\"225\" height=\"300\" title=\"IMG-20230618-WA0000\" src=\"https:\/\/ades-solaire.org\/wp-content\/uploads\/2023\/12\/IMG-20230618-WA0000-225x300.jpg\" class=\"img-responsive wp-image-11445 img-with-aspect-ratio\" data-parent-fit=\"cover\" data-parent-container=\".fusion-image-element\" alt srcset=\"https:\/\/ades-solaire.org\/wp-content\/uploads\/2023\/12\/IMG-20230618-WA0000-200x267.jpg 200w, https:\/\/ades-solaire.org\/wp-content\/uploads\/2023\/12\/IMG-20230618-WA0000-400x533.jpg 400w, https:\/\/ades-solaire.org\/wp-content\/uploads\/2023\/12\/IMG-20230618-WA0000-600x800.jpg 600w, https:\/\/ades-solaire.org\/wp-content\/uploads\/2023\/12\/IMG-20230618-WA0000-800x1067.jpg 800w, https:\/\/ades-solaire.org\/wp-content\/uploads\/2023\/12\/IMG-20230618-WA0000-1200x1600.jpg 1200w, https:\/\/ades-solaire.org\/wp-content\/uploads\/2023\/12\/IMG-20230618-WA0000.jpg 1368w\" sizes=\"(max-width: 1024px) 100vw, (max-width: 640px) 100vw, 400px\" \/><\/span><\/div><div ><a class=\"fusion-button button-flat fusion-button-default-size button-default fusion-button-default button-4 fusion-button-default-span fusion-button-default-type\" target=\"_blank\" rel=\"noopener noreferrer\" href=\"https:\/\/www.linkedin.com\/in\/andregrossen\/\"><span class=\"fusion-button-text awb-button__text awb-button__text--default\">LinkedIn<\/span><\/a><\/div><div class=\"fusion-separator fusion-no-medium-visibility fusion-full-width-sep\" style=\"align-self: center;margin-left: auto;margin-right: auto;margin-top:30px;width:100%;\"><div class=\"fusion-separator-border sep-single\" style=\"--awb-height:20px;--awb-amount:20px;border-color:#e0dede;border-top-width:1px;\"><\/div><\/div><div class=\"fusion-text fusion-text-5\"><p style=\"text-align: center;\"><strong>Andr\u00e9 Grossen, Communication<\/strong><\/p>\n<p style=\"text-align: center;\">Gr\u00e2ce \u00e0 sa passion pour le d\u00e9veloppement durable et le changement social, ce sp\u00e9cialiste de la communication contribue \u00e0 sensibiliser \u00e0 l'importance de la protection de l'environnement et de la responsabilit\u00e9 sociale \u00e0 Madagascar et au-del\u00e0.<\/p>\n<\/div><\/div><\/div><\/div><\/div><\/div><\/p>","protected":false},"excerpt":{"rendered":"","protected":false},"author":7,"featured_media":0,"parent":1084,"menu_order":0,"comment_status":"closed","ping_status":"closed","template":"100-width.php","meta":{"footnotes":""},"class_list":["post-11340","page","type-page","status-publish","hentry"],"_links":{"self":[{"href":"https:\/\/ades-solaire.org\/fr\/wp-json\/wp\/v2\/pages\/11340","targetHints":{"allow":["GET"]}}],"collection":[{"href":"https:\/\/ades-solaire.org\/fr\/wp-json\/wp\/v2\/pages"}],"about":[{"href":"https:\/\/ades-solaire.org\/fr\/wp-json\/wp\/v2\/types\/page"}],"author":[{"embeddable":true,"href":"https:\/\/ades-solaire.org\/fr\/wp-json\/wp\/v2\/users\/7"}],"replies":[{"embeddable":true,"href":"https:\/\/ades-solaire.org\/fr\/wp-json\/wp\/v2\/comments?post=11340"}],"version-history":[{"count":0,"href":"https:\/\/ades-solaire.org\/fr\/wp-json\/wp\/v2\/pages\/11340\/revisions"}],"up":[{"embeddable":true,"href":"https:\/\/ades-solaire.org\/fr\/wp-json\/wp\/v2\/pages\/1084"}],"wp:attachment":[{"href":"https:\/\/ades-solaire.org\/fr\/wp-json\/wp\/v2\/media?parent=11340"}],"curies":[{"name":"wp","href":"https:\/\/api.w.org\/{rel}","templated":true}]}}